{"id":110,"date":"2015-12-14T18:56:38","date_gmt":"2015-12-14T17:56:38","guid":{"rendered":"https:\/\/frigliss.ch\/?page_id=110"},"modified":"2018-08-20T12:26:22","modified_gmt":"2018-08-20T11:26:22","slug":"reglements","status":"publish","type":"page","link":"https:\/\/frigliss.ch\/?page_id=110&lang=fr","title":{"rendered":"R\u00e8glement"},"content":{"rendered":"<p><strong>Tout le monde peut participer d\u00e8s 4 ans, n\u00e9anmoins, les r\u00e8gles suivantes sont \u00e0 respecter :<\/strong><\/p>\n<ul>\n<li>Etre d\u00e9tenteur d\u2019un bracelet horaire ou d&rsquo;un pass journ\u00e9e (couleur en fonction de l\u2019horaire choisi).<\/li>\n<li>Etre v\u00eatu d&rsquo;un costume de bain (v\u00eatements ne comportant pas de rivets, crochets, fermeture \u00e9clair ou tout autre \u00e9l\u00e9ment jug\u00e9 dangereux pour l\u2019\u00e9tat du toboggan). N\u2019h\u00e9sitez pas \u00e0 vous d\u00e9guiser !<\/li>\n<li>Les accessoires de glisse seront mis \u00e0 disposition gratuitement par les organisateurs (bou\u00e9es gonflables standards). Tout autre accessoire de glisse (vos propres bou\u00e9es gonflables, matelas pneumatiques, body-boards, surfs ou planches en dur) seront refus\u00e9s.<\/li>\n<li>Les enfants doivent\u00a0\u00eatre \u00e2g\u00e9s de 4 ans minimum. Seuls les enfants entre 4 et 8 ans peuvent glisser sur la m\u00eame bou\u00e9e que leur parent. Pour en b\u00e9n\u00e9ficier, le parent accompagn\u00e9 de son enfant se pr\u00e9sentera \u00e0 la caisse le jour de la manifestation.<\/li>\n<li>Les enfants en dessous de 12 ans doivent \u00eatre accompagn\u00e9s du repr\u00e9sentant l\u00e9gal lors de la glisse sur le toboggan.<\/li>\n<li>La nourriture et les boissons sont interdites sur le toboggan.<\/li>\n<li>Il est interdit de se lever sur le toboggan.<\/li>\n<li>Toute personne ne respectant pas les consignes de s\u00e9curit\u00e9 et les consignes du staff se verront interdire l\u2019acc\u00e8s au toboggan.<\/li>\n<li>Les smartphones, appareils photos et cam\u00e9ras sont autoris\u00e9s sur le toboggan, mais n\u2019oubliez pas de vous assurer qu\u02bcils soient prot\u00e9g\u00e9s de l\u2019eau ! Nous d\u00e9clinons toutes responsabilit\u00e9s en cas d&rsquo;accident.<\/li>\n<\/ul>\n<p><a href=\"https:\/\/frigliss.ch\/?page_id=138&amp;lang=fr\"><img loading=\"lazy\" decoding=\"async\" class=\"alignnone size-large wp-image-487\" src=\"https:\/\/frigliss.ch\/wp-content\/uploads\/2018\/07\/logos-partenaires-1024x61.png\" alt=\"\" width=\"720\" height=\"43\" srcset=\"https:\/\/frigliss.ch\/wp-content\/uploads\/2018\/07\/logos-partenaires-1024x61.png 1024w, https:\/\/frigliss.ch\/wp-content\/uploads\/2018\/07\/logos-partenaires-300x18.png 300w, https:\/\/frigliss.ch\/wp-content\/uploads\/2018\/07\/logos-partenaires-768x46.png 768w\" sizes=\"auto, (max-width: 720px) 100vw, 720px\" \/><\/a><\/p>\n","protected":false},"excerpt":{"rendered":"<p>Tout le monde peut participer d\u00e8s 4 ans, n\u00e9anmoins, les r\u00e8gles suivantes sont \u00e0 respecter : Etre d\u00e9tenteur d\u2019un bracelet horaire ou d&rsquo;un pass journ\u00e9e (couleur en fonction de l\u2019horaire&#8230;<\/p>\n","protected":false},"author":2,"featured_media":0,"parent":0,"menu_order":0,"comment_status":"closed","ping_status":"closed","template":"","meta":{"footnotes":""},"class_list":["post-110","page","type-page","status-publish"],"_links":{"self":[{"href":"https:\/\/frigliss.ch\/index.php?rest_route=\/wp\/v2\/pages\/110","targetHints":{"allow":["GET"]}}],"collection":[{"href":"https:\/\/frigliss.ch\/index.php?rest_route=\/wp\/v2\/pages"}],"about":[{"href":"https:\/\/frigliss.ch\/index.php?rest_route=\/wp\/v2\/types\/page"}],"author":[{"embeddable":true,"href":"https:\/\/frigliss.ch\/index.php?rest_route=\/wp\/v2\/users\/2"}],"replies":[{"embeddable":true,"href":"https:\/\/frigliss.ch\/index.php?rest_route=%2Fwp%2Fv2%2Fcomments&post=110"}],"version-history":[{"count":11,"href":"https:\/\/frigliss.ch\/index.php?rest_route=\/wp\/v2\/pages\/110\/revisions"}],"predecessor-version":[{"id":557,"href":"https:\/\/frigliss.ch\/index.php?rest_route=\/wp\/v2\/pages\/110\/revisions\/557"}],"wp:attachment":[{"href":"https:\/\/frigliss.ch\/index.php?rest_route=%2Fwp%2Fv2%2Fmedia&parent=110"}],"curies":[{"name":"wp","href":"https:\/\/api.w.org\/{rel}","templated":true}]}}